{"id":103,"date":"2022-06-22T08:14:08","date_gmt":"2022-06-22T08:14:08","guid":{"rendered":"https:\/\/allpaqworld.flywheelsites.com\/?page_id=103"},"modified":"2022-07-06T12:51:15","modified_gmt":"2022-07-06T12:51:15","slug":"bioprocess-shipping-containers","status":"publish","type":"page","link":"https:\/\/allpaq.world\/de\/bioprocess-shipping-containers\/","title":{"rendered":"BIOPROZESS-\nVERSAND-\nBEH\u00c4LTER\u00a0"},"content":{"rendered":"<p>Die Bioprozess-Versandbeh\u00e4lter von ALLpaQ sind kompatibel mit allen Arten an 2D- und 3D-Einwegbeuteln. Durch das zusammenklappbare, stapelbare Design k\u00f6nnen Sie Kosten reduzieren und gleichzeitig Ihre Herstellungs-, Lagerungs- und Versandkapazit\u00e4ten erh\u00f6hen, um die Bauteile zu sch\u00fctzen.<\/p>","protected":false},"excerpt":{"rendered":"<p>Die Bioprozess-Versandbeh\u00e4lter von ALLpaQ sind kompatibel mit allen Arten an 2D- und 3D-Einwegbeuteln. Durch das zusammenklappbare, stapelbare Design k\u00f6nnen Sie Kosten reduzieren und gleichzeitig Ihre Herstellungs-, Lagerungs- und Versandkapazit\u00e4ten erh\u00f6hen, um die Bauteile zu sch\u00fctzen.<\/p>","protected":false},"author":2,"featured_media":0,"parent":0,"menu_order":0,"comment_status":"closed","ping_status":"closed","template":"templates\/allpaq.php","meta":{"content-type":"","footnotes":""},"class_list":["post-103","page","type-page","status-publish","hentry"],"acf":{"hero_select":"Simple","hero_background_image":{"ID":105,"id":105,"title":"example-hero-background","filename":"example-hero-background.png","filesize":785068,"url":"https:\/\/allpaq.world\/wp-content\/uploads\/2022\/06\/example-hero-background.png","link":"https:\/\/allpaq.world\/de\/bioprocess-shipping-containers\/example-hero-background\/","alt":"","author":"2","description":"","caption":"","name":"example-hero-background","status":"inherit","uploaded_to":103,"date":"2022-06-22 08:13:09","modified":"2022-06-22 08:13:09","menu_order":0,"mime_type":"image\/png","type":"image","subtype":"png","icon":"https:\/\/allpaq.world\/wp-includes\/images\/media\/default.png","width":1281,"height":730,"sizes":{"thumbnail":"https:\/\/allpaq.world\/wp-content\/uploads\/2022\/06\/example-hero-background-150x150.png","thumbnail-width":150,"thumbnail-height":150,"medium":"https:\/\/allpaq.world\/wp-content\/uploads\/2022\/06\/example-hero-background-300x171.png","medium-width":300,"medium-height":171,"medium_large":"https:\/\/allpaq.world\/wp-content\/uploads\/2022\/06\/example-hero-background-768x438.png","medium_large-width":768,"medium_large-height":438,"large":"https:\/\/allpaq.world\/wp-content\/uploads\/2022\/06\/example-hero-background-1024x584.png","large-width":1024,"large-height":584,"1536x1536":"https:\/\/allpaq.world\/wp-content\/uploads\/2022\/06\/example-hero-background.png","1536x1536-width":1281,"1536x1536-height":730,"2048x2048":"https:\/\/allpaq.world\/wp-content\/uploads\/2022\/06\/example-hero-background.png","2048x2048-width":1281,"2048x2048-height":730,"trp-custom-language-flag":"https:\/\/allpaq.world\/wp-content\/uploads\/2022\/06\/example-hero-background-18x10.png","trp-custom-language-flag-width":18,"trp-custom-language-flag-height":10}},"hero_background_colour":"#0a0a0a","use_dark_navigation":true,"hero_subtitle":"PERFECTLY PRESERVE PRODUCTS<br \/>\r\n","hero_subtitle_colour":"#ffffff","hero_title_colour":"#ffffff","hero_image":{"ID":104,"id":104,"title":"preservedGenesisTransparent-HeroImage","filename":"preservedGenesisTransparent-HeroImage.png","filesize":374139,"url":"https:\/\/allpaq.world\/wp-content\/uploads\/2022\/06\/preservedGenesisTransparent-HeroImage.png","link":"https:\/\/allpaq.world\/de\/bioprocess-shipping-containers\/preservedgenesistransparent-heroimage\/","alt":"","author":"2","description":"","caption":"","name":"preservedgenesistransparent-heroimage","status":"inherit","uploaded_to":103,"date":"2022-06-22 08:13:07","modified":"2022-06-22 08:13:07","menu_order":0,"mime_type":"image\/png","type":"image","subtype":"png","icon":"https:\/\/allpaq.world\/wp-includes\/images\/media\/default.png","width":1080,"height":1080,"sizes":{"thumbnail":"https:\/\/allpaq.world\/wp-content\/uploads\/2022\/06\/preservedGenesisTransparent-HeroImage-150x150.png","thumbnail-width":150,"thumbnail-height":150,"medium":"https:\/\/allpaq.world\/wp-content\/uploads\/2022\/06\/preservedGenesisTransparent-HeroImage-300x300.png","medium-width":300,"medium-height":300,"medium_large":"https:\/\/allpaq.world\/wp-content\/uploads\/2022\/06\/preservedGenesisTransparent-HeroImage-768x768.png","medium_large-width":768,"medium_large-height":768,"large":"https:\/\/allpaq.world\/wp-content\/uploads\/2022\/06\/preservedGenesisTransparent-HeroImage-1024x1024.png","large-width":1024,"large-height":1024,"1536x1536":"https:\/\/allpaq.world\/wp-content\/uploads\/2022\/06\/preservedGenesisTransparent-HeroImage.png","1536x1536-width":1080,"1536x1536-height":1080,"2048x2048":"https:\/\/allpaq.world\/wp-content\/uploads\/2022\/06\/preservedGenesisTransparent-HeroImage.png","2048x2048-width":1080,"2048x2048-height":1080,"trp-custom-language-flag":"https:\/\/allpaq.world\/wp-content\/uploads\/2022\/06\/preservedGenesisTransparent-HeroImage-12x12.png","trp-custom-language-flag-width":12,"trp-custom-language-flag-height":12}},"hero_body_colour":"#ffffff","hero_link_style":"button","hero_links":[{"link":"\/Contact\/","description":"Contact"}],"hero_link_colour":"#ffffff","page_content":[{"acf_fc_layout":"full_width_text_block","title":"BIOPROCESS CONTAINER RANGE","subtitle":"SECONDARY PACKAGING, PRIMARY CARE","content":"Available in standard and custom sizes, ALLpaQ Bioprocess Shipping Containers are the most efficient way to ship fluid media, buffers and bioprocess liquids. Verified as fit-to-fill, we've got fluid management in the single-use bioprocessing bag.<br \/>\r\n<br \/>\r\nNow it\u2019s your turn\u2026","links":false},{"acf_fc_layout":"product_range","use_a_header_tile":false,"header_title":"","header_subtitle":"","header_content":"","product_tiles":[{"title":"Genesis: 1000L","content":"Unique two pallet base, one for forklift, one for bag tubing.","image":"https:\/\/allpaq.world\/wp-content\/uploads\/2022\/06\/Genesis-1000-Litre-Shipping-BioProcess-Container.png","left_link":"\/Contact\/","left_link_description":"Contact","right_link":"","right_link_description":""},{"title":"GENESIS: 1000 L RACE UNIT","content":"Foldable & stackable to reduce costs.","image":"https:\/\/allpaq.world\/wp-content\/uploads\/2022\/06\/Genesis-1000-Litre-Shipping-BioProcess-Container.png","left_link":"\/Contact\/","left_link_description":"Contact","right_link":"","right_link_description":""},{"title":"GENESIS: 600 L","content":"Easy to load & unload with forklift or pallet jack.","image":"https:\/\/allpaq.world\/wp-content\/uploads\/2022\/06\/Genesis-600-Litre-Shipping-Bioprocess-Container.png","left_link":"\/Contact\/","left_link_description":"Contact","right_link":"","right_link_description":""},{"title":"GENESIS: 500 L","content":"Can be customised to your bioprocessing requirements.","image":"https:\/\/allpaq.world\/wp-content\/uploads\/2022\/06\/Genesis-500-Litre-Shipping-Bioprocess-Container.png","left_link":"\/Contact\/","left_link_description":"Contact","right_link":"","right_link_description":""},{"title":"GENESIS: 250 L","content":"Lightweight and easy to handle. ","image":"https:\/\/allpaq.world\/wp-content\/uploads\/2022\/06\/Genesis-250-Litre-Shipping-Bioprocess-Container.png","left_link":"\/Contact\/","left_link_description":"Contact","right_link":"","right_link_description":""},{"title":"GENESIS: 200 L","content":"Panels are removable for cleaning.","image":"https:\/\/allpaq.world\/wp-content\/uploads\/2022\/06\/Genesis-1000-Litre-Shipping-BioProcess-Container.png","left_link":"\/Contact\/","left_link_description":"Contact","right_link":"","right_link_description":""},{"title":"GENESIS: 100 L","content":"Designed to withstand any bioprocess cleaning regiment.","image":"https:\/\/allpaq.world\/wp-content\/uploads\/2022\/06\/Genesis-100-Litre-Shipping-Bioprocess-Container.png","left_link":"\/Contact\/","left_link_description":"Contact","right_link":"","right_link_description":""},{"title":"GENESIS: 50 L","content":"Customisable branding for your company.","image":"https:\/\/allpaq.world\/wp-content\/uploads\/2022\/06\/Genesis-50-Litre-Shipping-Bioprocess-Container-preview.png","left_link":"\/Contact\/","left_link_description":"Contact","right_link":"","right_link_description":""},{"title":"GENESIS AIR","content":"Designed to save space and air miles. ","image":"https:\/\/allpaq.world\/wp-content\/uploads\/2022\/06\/ALLpaQ-Genesis-Air-Plane-angle.png","left_link":"\/Contact\/","left_link_description":"Contact","right_link":"","right_link_description":""},{"title":"CUSTOM CONTAINER","content":"Customisable from drop doors, bag ports, position, sizing and beyond. ","image":"https:\/\/allpaq.world\/wp-content\/uploads\/2022\/06\/Custom-BioprocessTotes-Floating.png","left_link":"\/Contact\/","left_link_description":"Contact","right_link":"","right_link_description":""},{"title":"LABORATORY & CLEANROOM ACCESSORIES","content":"All-plastic accessories for cell culture media and buffer processing.<br \/>\r\n","image":"https:\/\/allpaq.world\/wp-content\/uploads\/2022\/06\/Laboratory-and-cleanroom-accessories-Floating.png","left_link":"\/Contact\/","left_link_description":"Contact","right_link":"","right_link_description":""},{"title":"CLEANROOM BIOPROCESSING ","content":"Hygienically designed to remove cleaning steps and reduce cross-contamination.","image":"https:\/\/allpaq.world\/wp-content\/uploads\/2022\/06\/Genesis-1000-Litre-Shipping-BioProcess-Container.png","left_link":"\/Contact\/","left_link_description":"Contact","right_link":"","right_link_description":""}]},{"acf_fc_layout":"image_with_accordion","title":"BIOCONTAINERS <br \/>\r\nFUNCTIONS & FEATURES<br \/>\r\n","subtitle":"Added functionality makes ALLpaQ biocontainers ideal for media, buffer and WFI storage and transport, as well as harvesting in batches to avoid contamination.","image":"https:\/\/allpaq.world\/wp-content\/uploads\/2022\/06\/ALLpaQ-Gensis-1000-Liter-Open-side-panel.png","accordion_items":[{"title":"Stackable:","content":"Unlike hefty steel solutions, ALLpaQ all-plastic GENESIS biocontainers are stackable. This enables you to maximise warehousing for space and cost optimisation. <br \/>\r\n<br \/>\r\n<a href=\"\/contact\/\">Contact ><\/a>"},{"title":"Foldable:","content":"Fold units after bioprocess bag decanting to save valuable after use in warehousing and in return shipment. Fabricated in lightweight plastic is user friendly for operations and helps foster compliance. <br \/>\r\n<br \/>\r\n<a href=\"\/contact\/\">Contact ><\/a>"},{"title":"Any size you need:","content":"Our user-friendly range of GENESIS bioprocess shipping totes come in 50 litre, 100 litre, 200 litre, 250 litre, 500 litre, 600 litre, 1000 litre, 1000 litre race units and specialist aviation temperature-controlled containers, GENESIS AIR. Don\u2019t see what you need? Not to worry! ALLpaQ can custom build any biocontainer size or feature to meet your bioprocessing and single-use bag requirements.<br \/>\r\n<br \/>\r\n<a href=\"\/contact\/\">Contact ><\/a>"},{"title":"Hygienic:","content":"ALLpaQ single-use bag bioprocess shipping containers are smooth sided inside and out. They are fabricated to deliver heightened hygiene benefits both at an operational and process level, generating shorter production run times. Remove cleaning steps with spillage control and jet washable individual panels which can be removed for cleaning. <br \/>\r\n<br \/>\r\n<a href=\"\/contact\/\">Contact ><\/a>"},{"title":"Bag Compatibility: ","content":"Compatible with all 2D and 3D bioprocessing bag types, ALLpaQ\u2019s wide-range of shipping, warehousing and cleanroom liquid pharma totes can be updated to every bioprocess bag format and brand available on the market, to matching bag port positions for filling, draining and processing.<br \/>\r\n<br \/>\r\n<a href=\"\/contact\/\">Contact ><\/a>"},{"title":"Unique Two Pallet Base:","content":"ALLpaQ liquid pharma totes come with two pallets at the base. This is unique. The bottom base is for your forklift, whilst the top base is for bag tubing. Easily load and unload with forklift or pallet jack and protect assemblies with the lockable outlet tubing chamber. <br \/>\r\n<br \/>\r\n<a href=\"\/contact\/\">Contact ><\/a>"},{"title":"Reusable & Recyclable:","content":"Reusable for multiple transfers and frequent shipments. Keep your liquid totes in rotation for years and, to expand the lifespan of your fleet, individual panels can be replaced should they become damaged. Any end-of-life products are recycled and injected back into future developments.<br \/>\r\n<br \/>\r\n<a href=\"\/contact\/\">Contact ><\/a>"},{"title":"Customisable:","content":"ALLpaQ has the world\u2019s largest bioprocess container range to meet all of your single-use bag and bioprocessing requirements. However, if you don\u2019t see what you need, our in-house design and fabrication team will make it for you.   From container modifications to accommodate your bag and process, to shape and sizing, bag port positions, drop doors, bespoke discharge ports and beyond, if your bioprocess demands it, we\u2019ll make it. <br \/>\r\n<br \/>\r\n<a href=\"\/contact\/\">Contact ><\/a>"},{"title":"Branding:","content":"ALLpaQ Bioprocess Shipping Containers can be branded: <br \/>\r\n<br \/>\r\n<ul><br \/>\r\n<li>Screen printing to side panels<\/li><br \/>\r\n<li>Full colour UV printing to put your brand on it<\/li><br \/>\r\n<li>Colour options for base access doors<\/li><br \/>\r\n<li>Security tamper evidence options for lid catches<\/li><br \/>\r\n<\/ul><br \/>\r\n<a href=\"\/contact\/\">Contact ><\/a>"},{"title":"Asset Tracking:","content":"ALLpaQ Bioprocess Shipping Containers are smart: <br \/>\r\n<br \/>\r\n<ul><br \/>\r\n<li>Smart GPS tracking for the tote range<\/li><br \/>\r\n<li>Full colour UV printing to put your brand on it<\/li><br \/>\r\n<li>Insights into how many totes are in operation<\/li><br \/>\r\n<li>Automated alerts upon folding of the side panel, indicating the empty tote is ready to collect<\/li><br \/>\r\n<\/ul><br \/>\r\n<a href=\"\/contact\/\">Contact ><\/a><br \/>\r\n"}],"link":"","link_description":""},{"acf_fc_layout":"dual_blurbs","use_equal_gaps":true,"blurbs":[{"left_title":"BIOPROCESSING CONTAINERS","left_title_colour":"#0a0a0a","left_subtitle":"CLEANROOM","left_subtitle_colour":"#1a7d34","left_content":"Clean up your bioprocess with customisable totes.","left_content_colour":"#0a0a0a","left_background_image":false,"left_link_one":"\/Contact\/","left_link_one_description":"Contact","left_link_two":"","left_link_two_description":"","left_links_colour":"","left_image":"https:\/\/allpaq.world\/wp-content\/uploads\/2022\/06\/ALLpaQSet1-Cleanroom-1000-500-600Folded-Floating.png","left_bottom_spacer":"50","right_title":"LABORATORY AND CLEANROOM EQUIPMENT<br \/>\r\n","right_title_colour":"#0a0a0a","right_subtitle":"ACCESSORIES","right_subtitle_colour":"#1a7d34","right_content":"Unique solutions to your unique process problems.","right_content_colour":"#0a0a0a","right_background_image":false,"right_link_one":"\/Contact\/","right_link_one_description":"Contact","right_link_two":"","right_link_two_description":"","right_links_colour":"","right_image":"https:\/\/allpaq.world\/wp-content\/uploads\/2022\/06\/Laboratory-and-cleanroom-accessories-1.png","right_bottom_spacer":"50"}]},{"acf_fc_layout":"newsletter_signup","image":"https:\/\/allpaq.world\/wp-content\/uploads\/2022\/06\/Group-1437@2x.png"},{"acf_fc_layout":"inline_contact_form","title":"","subtitle":"READY TO CHANGE YOUR LIFE (SCIENCES)?","content":"THEN LET'S TALK ...","contact_info":true,"social_links":true}]},"yoast_head":"<!-- This site is optimized with the Yoast SEO plugin v23.0 - https:\/\/yoast.com\/wordpress\/plugins\/seo\/ -->\n<title>ALLpaQ Bioprocess Shipping Containers For Single-Use Bags<\/title>\n<meta name=\"description\" content=\"ALLpaQ Bioprocess Shipping Containers are compatible with all 2D &amp; 3D single-use bags. Fit-to-fill, step up your fluid management game.\" \/>\n<meta name=\"robots\" content=\"index, follow, max-snippet:-1, max-image-preview:large, max-video-preview:-1\" \/>\n<link rel=\"canonical\" href=\"https:\/\/allpaq.world\/de\/bioprocess-shipping-containers\/\" \/>\n<meta property=\"og:locale\" content=\"de_DE\" \/>\n<meta property=\"og:type\" content=\"article\" \/>\n<meta property=\"og:title\" content=\"ALLpaQ Bioprocess Shipping Containers For Single-Use Bags\" \/>\n<meta property=\"og:description\" content=\"ALLpaQ Bioprocess Shipping Containers are compatible with all 2D &amp; 3D single-use bags. Fit-to-fill, step up your fluid management game.\" \/>\n<meta property=\"og:url\" content=\"https:\/\/allpaq.world\/de\/bioprocess-shipping-containers\/\" \/>\n<meta property=\"og:site_name\" content=\"ALLpaQ\" \/>\n<meta property=\"article:modified_time\" content=\"2022-07-06T12:51:15+00:00\" \/>\n<meta name=\"twitter:card\" content=\"summary_large_image\" \/>\n<meta name=\"twitter:label1\" content=\"Gesch\u00e4tzte Lesezeit\" \/>\n\t<meta name=\"twitter:data1\" content=\"1 minute\" \/>\n<script type=\"application\/ld+json\" class=\"yoast-schema-graph\">{\"@context\":\"https:\/\/schema.org\",\"@graph\":[{\"@type\":\"WebPage\",\"@id\":\"https:\/\/allpaq.world\/bioprocess-shipping-containers\/\",\"url\":\"https:\/\/allpaq.world\/bioprocess-shipping-containers\/\",\"name\":\"ALLpaQ Bioprocess Shipping Containers For Single-Use Bags\",\"isPartOf\":{\"@id\":\"https:\/\/allpaq.world\/#website\"},\"datePublished\":\"2022-06-22T08:14:08+00:00\",\"dateModified\":\"2022-07-06T12:51:15+00:00\",\"description\":\"ALLpaQ Bioprocess Shipping Containers are compatible with all 2D & 3D single-use bags. Fit-to-fill, step up your fluid management game.\",\"breadcrumb\":{\"@id\":\"https:\/\/allpaq.world\/bioprocess-shipping-containers\/#breadcrumb\"},\"inLanguage\":\"de-DE\",\"potentialAction\":[{\"@type\":\"ReadAction\",\"target\":[\"https:\/\/allpaq.world\/bioprocess-shipping-containers\/\"]}]},{\"@type\":\"BreadcrumbList\",\"@id\":\"https:\/\/allpaq.world\/bioprocess-shipping-containers\/#breadcrumb\",\"itemListElement\":[{\"@type\":\"ListItem\",\"position\":1,\"name\":\"Home\",\"item\":\"https:\/\/allpaq.world\/\"},{\"@type\":\"ListItem\",\"position\":2,\"name\":\"BIOPROCESS SHIPPING CONTAINERS\u00a0\"}]},{\"@type\":\"WebSite\",\"@id\":\"https:\/\/allpaq.world\/#website\",\"url\":\"https:\/\/allpaq.world\/\",\"name\":\"ALLpaQ\",\"description\":\"Bioprocess Containers &amp; Fluid Management Solutions | ALLpaQ\",\"potentialAction\":[{\"@type\":\"SearchAction\",\"target\":{\"@type\":\"EntryPoint\",\"urlTemplate\":\"https:\/\/allpaq.world\/?s={search_term_string}\"},\"query-input\":\"required name=search_term_string\"}],\"inLanguage\":\"de-DE\"}]}<\/script>\n<!-- \/ Yoast SEO plugin. -->","yoast_head_json":{"title":"ALLpaQ Bioprocess Shipping Containers For Single-Use Bags","description":"ALLpaQ Bioprocess Shipping Containers are compatible with all 2D & 3D single-use bags. Fit-to-fill, step up your fluid management game.","robots":{"index":"index","follow":"follow","max-snippet":"max-snippet:-1","max-image-preview":"max-image-preview:large","max-video-preview":"max-video-preview:-1"},"canonical":"https:\/\/allpaq.world\/de\/bioprocess-shipping-containers\/","og_locale":"de_DE","og_type":"article","og_title":"ALLpaQ Bioprocess Shipping Containers For Single-Use Bags","og_description":"ALLpaQ Bioprocess Shipping Containers are compatible with all 2D & 3D single-use bags. Fit-to-fill, step up your fluid management game.","og_url":"https:\/\/allpaq.world\/de\/bioprocess-shipping-containers\/","og_site_name":"ALLpaQ","article_modified_time":"2022-07-06T12:51:15+00:00","twitter_card":"summary_large_image","twitter_misc":{"Gesch\u00e4tzte Lesezeit":"1 minute"},"schema":{"@context":"https:\/\/schema.org","@graph":[{"@type":"WebPage","@id":"https:\/\/allpaq.world\/bioprocess-shipping-containers\/","url":"https:\/\/allpaq.world\/bioprocess-shipping-containers\/","name":"ALLpaQ Bioprocess Shipping Containers For Single-Use Bags","isPartOf":{"@id":"https:\/\/allpaq.world\/#website"},"datePublished":"2022-06-22T08:14:08+00:00","dateModified":"2022-07-06T12:51:15+00:00","description":"ALLpaQ Bioprocess Shipping Containers are compatible with all 2D & 3D single-use bags. Fit-to-fill, step up your fluid management game.","breadcrumb":{"@id":"https:\/\/allpaq.world\/bioprocess-shipping-containers\/#breadcrumb"},"inLanguage":"de-DE","potentialAction":[{"@type":"ReadAction","target":["https:\/\/allpaq.world\/bioprocess-shipping-containers\/"]}]},{"@type":"BreadcrumbList","@id":"https:\/\/allpaq.world\/bioprocess-shipping-containers\/#breadcrumb","itemListElement":[{"@type":"ListItem","position":1,"name":"Home","item":"https:\/\/allpaq.world\/"},{"@type":"ListItem","position":2,"name":"BIOPROCESS SHIPPING CONTAINERS\u00a0"}]},{"@type":"WebSite","@id":"https:\/\/allpaq.world\/#website","url":"https:\/\/allpaq.world\/","name":"ALLpaQ","description":"Bioprocess Containers &amp; Fluid Management Solutions | ALLpaQ","potentialAction":[{"@type":"SearchAction","target":{"@type":"EntryPoint","urlTemplate":"https:\/\/allpaq.world\/?s={search_term_string}"},"query-input":"required name=search_term_string"}],"inLanguage":"de-DE"}]}},"_links":{"self":[{"href":"https:\/\/allpaq.world\/de\/wp-json\/wp\/v2\/pages\/103","targetHints":{"allow":["GET"]}}],"collection":[{"href":"https:\/\/allpaq.world\/de\/wp-json\/wp\/v2\/pages"}],"about":[{"href":"https:\/\/allpaq.world\/de\/wp-json\/wp\/v2\/types\/page"}],"author":[{"embeddable":true,"href":"https:\/\/allpaq.world\/de\/wp-json\/wp\/v2\/users\/2"}],"replies":[{"embeddable":true,"href":"https:\/\/allpaq.world\/de\/wp-json\/wp\/v2\/comments?post=103"}],"version-history":[{"count":13,"href":"https:\/\/allpaq.world\/de\/wp-json\/wp\/v2\/pages\/103\/revisions"}],"predecessor-version":[{"id":300,"href":"https:\/\/allpaq.world\/de\/wp-json\/wp\/v2\/pages\/103\/revisions\/300"}],"wp:attachment":[{"href":"https:\/\/allpaq.world\/de\/wp-json\/wp\/v2\/media?parent=103"}],"curies":[{"name":"wp","href":"https:\/\/api.w.org\/{rel}","templated":true}]}}