{"id":141,"date":"2022-06-22T09:11:46","date_gmt":"2022-06-22T09:11:46","guid":{"rendered":"https:\/\/allpaqworld.flywheelsites.com\/?page_id=141"},"modified":"2022-07-06T12:54:39","modified_gmt":"2022-07-06T12:54:39","slug":"about","status":"publish","type":"page","link":"https:\/\/allpaq.world\/pl\/about\/","title":{"rendered":"NASZ\u0104 MISJ\u0104 JEST ZMIANA TWOJEGO \u017bYCIA (I NAUKI O NIM)."},"content":{"rendered":"<p>ALLpaQ Packaging Group mo\u017ce poszczyci\u0107 si\u0119 bogat\u0105 histori\u0105 projektowania innowacyjnych pojemnik\u00f3w bioprocesowych oraz akcesori\u00f3w laboratoryjnych, kt\u00f3re pomagaj\u0105 firmom biofarmaceutycznym w produkcji, przechowywaniu, transporcie i ochronie cennych medi\u00f3w, bufor\u00f3w i p\u0142yn\u00f3w. Naszym zadaniem jest wspieranie naukowc\u00f3w w ich pracy ratuj\u0105cej \u017cycie.<\/p>","protected":false},"excerpt":{"rendered":"<p>ALLpaQ Packaging Group mo\u017ce poszczyci\u0107 si\u0119 bogat\u0105 histori\u0105 projektowania innowacyjnych pojemnik\u00f3w bioprocesowych oraz akcesori\u00f3w laboratoryjnych, kt\u00f3re pomagaj\u0105 firmom biofarmaceutycznym w produkcji, przechowywaniu, transporcie i ochronie cennych medi\u00f3w, bufor\u00f3w i p\u0142yn\u00f3w. Naszym zadaniem jest wspieranie naukowc\u00f3w w ich pracy ratuj\u0105cej \u017cycie.<\/p>","protected":false},"author":2,"featured_media":0,"parent":0,"menu_order":0,"comment_status":"closed","ping_status":"closed","template":"templates\/allpaq.php","meta":{"content-type":"","footnotes":""},"class_list":["post-141","page","type-page","status-publish","hentry"],"acf":{"hero_select":"Simple","hero_background_image":{"ID":105,"id":105,"title":"example-hero-background","filename":"example-hero-background.png","filesize":785068,"url":"https:\/\/allpaq.world\/wp-content\/uploads\/2022\/06\/example-hero-background.png","link":"https:\/\/allpaq.world\/pl\/bioprocess-shipping-containers\/example-hero-background\/","alt":"","author":"2","description":"","caption":"","name":"example-hero-background","status":"inherit","uploaded_to":103,"date":"2022-06-22 08:13:09","modified":"2022-06-22 08:13:09","menu_order":0,"mime_type":"image\/png","type":"image","subtype":"png","icon":"https:\/\/allpaq.world\/wp-includes\/images\/media\/default.png","width":1281,"height":730,"sizes":{"thumbnail":"https:\/\/allpaq.world\/wp-content\/uploads\/2022\/06\/example-hero-background-150x150.png","thumbnail-width":150,"thumbnail-height":150,"medium":"https:\/\/allpaq.world\/wp-content\/uploads\/2022\/06\/example-hero-background-300x171.png","medium-width":300,"medium-height":171,"medium_large":"https:\/\/allpaq.world\/wp-content\/uploads\/2022\/06\/example-hero-background-768x438.png","medium_large-width":768,"medium_large-height":438,"large":"https:\/\/allpaq.world\/wp-content\/uploads\/2022\/06\/example-hero-background-1024x584.png","large-width":1024,"large-height":584,"1536x1536":"https:\/\/allpaq.world\/wp-content\/uploads\/2022\/06\/example-hero-background.png","1536x1536-width":1281,"1536x1536-height":730,"2048x2048":"https:\/\/allpaq.world\/wp-content\/uploads\/2022\/06\/example-hero-background.png","2048x2048-width":1281,"2048x2048-height":730,"trp-custom-language-flag":"https:\/\/allpaq.world\/wp-content\/uploads\/2022\/06\/example-hero-background-18x10.png","trp-custom-language-flag-width":18,"trp-custom-language-flag-height":10}},"hero_background_colour":"#0a0a0a","use_dark_navigation":true,"hero_subtitle":"ABOUT ALLPAQ <br \/>\r\n","hero_subtitle_colour":"#e5c100","hero_title_colour":"#ffffff","hero_image":{"ID":142,"id":142,"title":"About-Hero-Genesis-1000-Litre-Shipping-BioProcess-Container","filename":"About-Hero-Genesis-1000-Litre-Shipping-BioProcess-Container.png","filesize":175353,"url":"https:\/\/allpaq.world\/wp-content\/uploads\/2022\/06\/About-Hero-Genesis-1000-Litre-Shipping-BioProcess-Container.png","link":"https:\/\/allpaq.world\/pl\/about\/about-hero-genesis-1000-litre-shipping-bioprocess-container\/","alt":"","author":"2","description":"","caption":"","name":"about-hero-genesis-1000-litre-shipping-bioprocess-container","status":"inherit","uploaded_to":141,"date":"2022-06-22 09:10:01","modified":"2022-06-22 09:10:01","menu_order":0,"mime_type":"image\/png","type":"image","subtype":"png","icon":"https:\/\/allpaq.world\/wp-includes\/images\/media\/default.png","width":675,"height":714,"sizes":{"thumbnail":"https:\/\/allpaq.world\/wp-content\/uploads\/2022\/06\/About-Hero-Genesis-1000-Litre-Shipping-BioProcess-Container-150x150.png","thumbnail-width":150,"thumbnail-height":150,"medium":"https:\/\/allpaq.world\/wp-content\/uploads\/2022\/06\/About-Hero-Genesis-1000-Litre-Shipping-BioProcess-Container-284x300.png","medium-width":284,"medium-height":300,"medium_large":"https:\/\/allpaq.world\/wp-content\/uploads\/2022\/06\/About-Hero-Genesis-1000-Litre-Shipping-BioProcess-Container.png","medium_large-width":675,"medium_large-height":714,"large":"https:\/\/allpaq.world\/wp-content\/uploads\/2022\/06\/About-Hero-Genesis-1000-Litre-Shipping-BioProcess-Container.png","large-width":675,"large-height":714,"1536x1536":"https:\/\/allpaq.world\/wp-content\/uploads\/2022\/06\/About-Hero-Genesis-1000-Litre-Shipping-BioProcess-Container.png","1536x1536-width":675,"1536x1536-height":714,"2048x2048":"https:\/\/allpaq.world\/wp-content\/uploads\/2022\/06\/About-Hero-Genesis-1000-Litre-Shipping-BioProcess-Container.png","2048x2048-width":675,"2048x2048-height":714,"trp-custom-language-flag":"https:\/\/allpaq.world\/wp-content\/uploads\/2022\/06\/About-Hero-Genesis-1000-Litre-Shipping-BioProcess-Container-11x12.png","trp-custom-language-flag-width":11,"trp-custom-language-flag-height":12}},"hero_body_colour":"#ffffff","hero_link_style":"text","hero_links":[{"link":"\/Contact\/","description":"Contact Us"}],"hero_link_colour":"#ffffff","page_content":[{"acf_fc_layout":"full_width_text_block","title":"MAKING YOUR PROCESS FLUID ","subtitle":"","content":"ALLpaQ\u2019s innovative plastic bioprocess container range ushers in a new era of fluid management. Stackable and collapsible, the design saves valuable space in processing, storage and shipment. The range has since expanded to optimise all aspects of up and downstream bioprocessing to drive operational and cost benefits.<br \/>\r\n<br \/>\r\nFrom discovery, development, clinical testing to manufacturing, your research and drug development process is unique. That\u2019s why we deliver the customisation you need to optimise your in-process supply chain from clinical development stages through to commercial scale. It\u2019s our mission to increase your in-process productivity.<br \/>\r\n","links":false},{"acf_fc_layout":"bullets_with_header","header_image":"https:\/\/allpaq.world\/wp-content\/uploads\/2022\/06\/shutterstock_248399605.png","header_title":"EMPOWERING BUSINESSES GLOBALLY","header_content":"From our UK-based head offices and product development centre, ALLpaQ operates in markets around the world including Europe, Scandinavia, the USA and South East Asia. We also have production plants in Ireland and America.","header_subtitle":"6 REASONS ALLPAQ TICKS THE RIGHT BIOPROCESS BOXES","header_tag":"BENEFITS ","bullets":[{"title":"RANGE ","content":"World's largest shipping and cleanroom container range.<br \/>\r\n"},{"title":"COMPATIBILITY ","content":"Compatible with all 2D and 3D bioprocessing bag types."},{"title":"STORAGE ","content":"Stackable, collapsible, foldable to save space and money."},{"title":"TWO PALLET BASE ","content":"Unique two pallet base, one for forklift, other for bag tubing."},{"title":"HYGIENIC ","content":"Smooth sided inside and out for added hygiene benefits."},{"title":"ALL IN-HOUSE","content":"Design, fabrication, delivery and implementation."}]},{"acf_fc_layout":"banner","use_equal_gaps":true,"background_image":"https:\/\/allpaq.world\/wp-content\/uploads\/2022\/06\/container-width-hero.jpg","title":"SECONDARY PACKAGING, PRIMARY CARE ","title_colour":"#0a0a0a","subtitle":"POPULAR PACKAGING PRODUCTS ","subtitle_colour":"#1a7d34","content":"","content_colour":"","left_link":"\/Contact\/","left_link_description":"Contact","right_link":"https:\/\/allpaq.world\/bioprocess-containers\/","right_link_description":"Learn More","link_colour":"#0a0a0a"},{"acf_fc_layout":"dual_blurbs","use_equal_gaps":true,"blurbs":[{"left_title":"BIOPROCESSING CONTAINERS","left_title_colour":"#0a0a0a","left_subtitle":"SHIPPING","left_subtitle_colour":"#1a7d34","left_content":"The superior shipping and storage solution.","left_content_colour":"#0a0a0a","left_background_image":false,"left_link_one":"\/Contact\/","left_link_one_description":"Contact","left_link_two":"https:\/\/allpaq.world\/bioprocess-shipping-containers\/","left_link_two_description":"Learn More","left_links_colour":"#0a0a0a","left_image":"https:\/\/allpaq.world\/wp-content\/uploads\/2022\/06\/ProductCrop-Genesis-1000-Litre-Shipping-Bioprocess-Container2.png","left_bottom_spacer":"","right_title":"BIOPROCESSING CONTAINERS ","right_title_colour":"#0a0a0a","right_subtitle":"CLEANROOM","right_subtitle_colour":"#1a7d34","right_content":"Clean up your bioprocess with customisable containers. ","right_content_colour":"#0a0a0a","right_background_image":"https:\/\/allpaq.world\/wp-content\/uploads\/2022\/06\/blurb-background.jpg","right_link_one":"\/Contact\/","right_link_one_description":"Contact","right_link_two":"https:\/\/allpaq.world\/cleanroom-bioprocess-containers\/","right_link_two_description":"Learn More","right_links_colour":"#0a0a0a","right_image":"https:\/\/allpaq.world\/wp-content\/uploads\/2022\/06\/ProductCrop-Cleanroom-1000-Litre-Folding-Bioprocess-Container2.png","right_bottom_spacer":""}]},{"acf_fc_layout":"banner","use_equal_gaps":true,"background_image":"https:\/\/allpaq.world\/wp-content\/uploads\/2022\/06\/ALLpaQ-EmbossedHexagons-Background.png","title":"CONCEPT. DESIGN. FABRICATE. TEST. DELIVER<br \/>\r\n","title_colour":"#0a0a0a","subtitle":"FULL IN-HOUSE SERVICE.","subtitle_colour":"#1a7d34","content":"","content_colour":"#0a0a0a","left_link":"\/Contact\/","left_link_description":"Contact","right_link":"https:\/\/allpaq.com\/about\/full-in-house-service\/","right_link_description":"Learn More","link_colour":"#0a0a0a"},{"acf_fc_layout":"newsletter_signup","image":"https:\/\/allpaq.world\/wp-content\/uploads\/2022\/06\/Group-1437@2x.png"},{"acf_fc_layout":"inline_contact_form","title":"","subtitle":"READY TO CHANGE YOUR LIFE (SCIENCES)?","content":"THEN LET'S TALK ...","contact_info":true,"social_links":true}]},"yoast_head":"<!-- This site is optimized with the Yoast SEO plugin v23.0 - https:\/\/yoast.com\/wordpress\/plugins\/seo\/ -->\n<title>About ALLpaQ Packaging The Market Leaders in Bioprocess Containers<\/title>\n<meta name=\"description\" content=\"Meet ALLpaQ: the global leader in the design and fabrication of all-plastic shipping, storage and cleanroom bioprocess containers.\" \/>\n<meta name=\"robots\" content=\"index, follow, max-snippet:-1, max-image-preview:large, max-video-preview:-1\" \/>\n<link rel=\"canonical\" href=\"https:\/\/allpaq.world\/pl\/about\/\" \/>\n<meta property=\"og:locale\" content=\"pl_PL\" \/>\n<meta property=\"og:type\" content=\"article\" \/>\n<meta property=\"og:title\" content=\"About ALLpaQ Packaging The Market Leaders in Bioprocess Containers\" \/>\n<meta property=\"og:description\" content=\"Meet ALLpaQ: the global leader in the design and fabrication of all-plastic shipping, storage and cleanroom bioprocess containers.\" \/>\n<meta property=\"og:url\" content=\"https:\/\/allpaq.world\/pl\/about\/\" \/>\n<meta property=\"og:site_name\" content=\"ALLpaQ\" \/>\n<meta property=\"article:modified_time\" content=\"2022-07-06T12:54:39+00:00\" \/>\n<meta name=\"twitter:card\" content=\"summary_large_image\" \/>\n<meta name=\"twitter:label1\" content=\"Szacowany czas czytania\" \/>\n\t<meta name=\"twitter:data1\" content=\"1 minute\" \/>\n<script type=\"application\/ld+json\" class=\"yoast-schema-graph\">{\"@context\":\"https:\/\/schema.org\",\"@graph\":[{\"@type\":\"WebPage\",\"@id\":\"https:\/\/allpaq.world\/about\/\",\"url\":\"https:\/\/allpaq.world\/about\/\",\"name\":\"About ALLpaQ Packaging The Market Leaders in Bioprocess Containers\",\"isPartOf\":{\"@id\":\"https:\/\/allpaq.world\/#website\"},\"datePublished\":\"2022-06-22T09:11:46+00:00\",\"dateModified\":\"2022-07-06T12:54:39+00:00\",\"description\":\"Meet ALLpaQ: the global leader in the design and fabrication of all-plastic shipping, storage and cleanroom bioprocess containers.\",\"breadcrumb\":{\"@id\":\"https:\/\/allpaq.world\/about\/#breadcrumb\"},\"inLanguage\":\"pl-PL\",\"potentialAction\":[{\"@type\":\"ReadAction\",\"target\":[\"https:\/\/allpaq.world\/about\/\"]}]},{\"@type\":\"BreadcrumbList\",\"@id\":\"https:\/\/allpaq.world\/about\/#breadcrumb\",\"itemListElement\":[{\"@type\":\"ListItem\",\"position\":1,\"name\":\"Home\",\"item\":\"https:\/\/allpaq.world\/\"},{\"@type\":\"ListItem\",\"position\":2,\"name\":\"IT\u2019S OUR MISSION TO CHANGE YOUR LIFE (SCIENCES).\"}]},{\"@type\":\"WebSite\",\"@id\":\"https:\/\/allpaq.world\/#website\",\"url\":\"https:\/\/allpaq.world\/\",\"name\":\"ALLpaQ\",\"description\":\"Bioprocess Containers &amp; Fluid Management Solutions | ALLpaQ\",\"potentialAction\":[{\"@type\":\"SearchAction\",\"target\":{\"@type\":\"EntryPoint\",\"urlTemplate\":\"https:\/\/allpaq.world\/?s={search_term_string}\"},\"query-input\":\"required name=search_term_string\"}],\"inLanguage\":\"pl-PL\"}]}<\/script>\n<!-- \/ Yoast SEO plugin. -->","yoast_head_json":{"title":"About ALLpaQ Packaging The Market Leaders in Bioprocess Containers","description":"Meet ALLpaQ: the global leader in the design and fabrication of all-plastic shipping, storage and cleanroom bioprocess containers.","robots":{"index":"index","follow":"follow","max-snippet":"max-snippet:-1","max-image-preview":"max-image-preview:large","max-video-preview":"max-video-preview:-1"},"canonical":"https:\/\/allpaq.world\/pl\/about\/","og_locale":"pl_PL","og_type":"article","og_title":"About ALLpaQ Packaging The Market Leaders in Bioprocess Containers","og_description":"Meet ALLpaQ: the global leader in the design and fabrication of all-plastic shipping, storage and cleanroom bioprocess containers.","og_url":"https:\/\/allpaq.world\/pl\/about\/","og_site_name":"ALLpaQ","article_modified_time":"2022-07-06T12:54:39+00:00","twitter_card":"summary_large_image","twitter_misc":{"Szacowany czas czytania":"1 minute"},"schema":{"@context":"https:\/\/schema.org","@graph":[{"@type":"WebPage","@id":"https:\/\/allpaq.world\/about\/","url":"https:\/\/allpaq.world\/about\/","name":"About ALLpaQ Packaging The Market Leaders in Bioprocess Containers","isPartOf":{"@id":"https:\/\/allpaq.world\/#website"},"datePublished":"2022-06-22T09:11:46+00:00","dateModified":"2022-07-06T12:54:39+00:00","description":"Meet ALLpaQ: the global leader in the design and fabrication of all-plastic shipping, storage and cleanroom bioprocess containers.","breadcrumb":{"@id":"https:\/\/allpaq.world\/about\/#breadcrumb"},"inLanguage":"pl-PL","potentialAction":[{"@type":"ReadAction","target":["https:\/\/allpaq.world\/about\/"]}]},{"@type":"BreadcrumbList","@id":"https:\/\/allpaq.world\/about\/#breadcrumb","itemListElement":[{"@type":"ListItem","position":1,"name":"Home","item":"https:\/\/allpaq.world\/"},{"@type":"ListItem","position":2,"name":"IT\u2019S OUR MISSION TO CHANGE YOUR LIFE (SCIENCES)."}]},{"@type":"WebSite","@id":"https:\/\/allpaq.world\/#website","url":"https:\/\/allpaq.world\/","name":"ALLpaQ","description":"Bioprocess Containers &amp; Fluid Management Solutions | ALLpaQ","potentialAction":[{"@type":"SearchAction","target":{"@type":"EntryPoint","urlTemplate":"https:\/\/allpaq.world\/?s={search_term_string}"},"query-input":"required name=search_term_string"}],"inLanguage":"pl-PL"}]}},"_links":{"self":[{"href":"https:\/\/allpaq.world\/pl\/wp-json\/wp\/v2\/pages\/141","targetHints":{"allow":["GET"]}}],"collection":[{"href":"https:\/\/allpaq.world\/pl\/wp-json\/wp\/v2\/pages"}],"about":[{"href":"https:\/\/allpaq.world\/pl\/wp-json\/wp\/v2\/types\/page"}],"author":[{"embeddable":true,"href":"https:\/\/allpaq.world\/pl\/wp-json\/wp\/v2\/users\/2"}],"replies":[{"embeddable":true,"href":"https:\/\/allpaq.world\/pl\/wp-json\/wp\/v2\/comments?post=141"}],"version-history":[{"count":6,"href":"https:\/\/allpaq.world\/pl\/wp-json\/wp\/v2\/pages\/141\/revisions"}],"predecessor-version":[{"id":245,"href":"https:\/\/allpaq.world\/pl\/wp-json\/wp\/v2\/pages\/141\/revisions\/245"}],"wp:attachment":[{"href":"https:\/\/allpaq.world\/pl\/wp-json\/wp\/v2\/media?parent=141"}],"curies":[{"name":"wp","href":"https:\/\/api.w.org\/{rel}","templated":true}]}}