{"id":154,"date":"2022-06-22T09:25:15","date_gmt":"2022-06-22T09:25:15","guid":{"rendered":"https:\/\/allpaqworld.flywheelsites.com\/?page_id=154"},"modified":"2024-10-30T13:54:48","modified_gmt":"2024-10-30T13:54:48","slug":"contact","status":"publish","type":"page","link":"https:\/\/allpaq.world\/pl\/contact\/","title":{"rendered":"KONTAKT ALLPAQ PACKAGING GROUP"},"content":{"rendered":"<p>ALLpaQ jest \u015bwiatowym liderem w dziedzinie pojemnik\u00f3w bioprocesowych i akcesori\u00f3w laboratoryjnych. Jeste\u015bmy gotowi, aby zmieni\u0107 Twoje \u017cycie (i nauki o nim)!<\/p>\n\n\n\n<p><\/p>","protected":false},"excerpt":{"rendered":"<p>ALLpaQ jest \u015bwiatowym liderem w dziedzinie pojemnik\u00f3w bioprocesowych i akcesori\u00f3w laboratoryjnych. Jeste\u015bmy gotowi, aby zmieni\u0107 Twoje \u017cycie (i nauki o nim)!<\/p>","protected":false},"author":2,"featured_media":0,"parent":0,"menu_order":0,"comment_status":"closed","ping_status":"closed","template":"templates\/allpaq.php","meta":{"content-type":"","footnotes":""},"class_list":["post-154","page","type-page","status-publish","hentry"],"acf":{"hero_select":"Simple","hero_background_image":{"ID":78,"id":78,"title":"ALLpaQ-Hexagons-Background","filename":"ALLpaQ-Hexagons-Background.jpg","filesize":32723,"url":"https:\/\/allpaq.world\/wp-content\/uploads\/2022\/06\/ALLpaQ-Hexagons-Background.jpg","link":"https:\/\/allpaq.world\/pl\/bioprocess-containers\/allpaq-hexagons-background\/","alt":"","author":"2","description":"","caption":"","name":"allpaq-hexagons-background","status":"inherit","uploaded_to":73,"date":"2022-06-21 13:26:40","modified":"2022-06-21 13:26:40","menu_order":0,"mime_type":"image\/jpeg","type":"image","subtype":"jpeg","icon":"https:\/\/allpaq.world\/wp-includes\/images\/media\/default.png","width":2310,"height":1155,"sizes":{"thumbnail":"https:\/\/allpaq.world\/wp-content\/uploads\/2022\/06\/ALLpaQ-Hexagons-Background-150x150.jpg","thumbnail-width":150,"thumbnail-height":150,"medium":"https:\/\/allpaq.world\/wp-content\/uploads\/2022\/06\/ALLpaQ-Hexagons-Background-300x150.jpg","medium-width":300,"medium-height":150,"medium_large":"https:\/\/allpaq.world\/wp-content\/uploads\/2022\/06\/ALLpaQ-Hexagons-Background-768x384.jpg","medium_large-width":768,"medium_large-height":384,"large":"https:\/\/allpaq.world\/wp-content\/uploads\/2022\/06\/ALLpaQ-Hexagons-Background-1024x512.jpg","large-width":1024,"large-height":512,"1536x1536":"https:\/\/allpaq.world\/wp-content\/uploads\/2022\/06\/ALLpaQ-Hexagons-Background-1536x768.jpg","1536x1536-width":1536,"1536x1536-height":768,"2048x2048":"https:\/\/allpaq.world\/wp-content\/uploads\/2022\/06\/ALLpaQ-Hexagons-Background-2048x1024.jpg","2048x2048-width":2048,"2048x2048-height":1024,"trp-custom-language-flag":"https:\/\/allpaq.world\/wp-content\/uploads\/2022\/06\/ALLpaQ-Hexagons-Background-18x9.jpg","trp-custom-language-flag-width":18,"trp-custom-language-flag-height":9}},"hero_background_colour":"#ffffff","use_dark_navigation":false,"hero_subtitle":"","hero_subtitle_colour":"","hero_title_colour":"#0a0a0a","hero_image":false,"hero_body_colour":"","hero_link_style":"text","hero_links":[{"link":"mailto: ENQUIRIES@ALLPAQ.COM","description":"ENQUIRIES@ALLPAQ.COM"},{"link":"tel:+441472800373","description":"0044-1472-800-373"}],"hero_link_colour":"","page_content":[{"acf_fc_layout":"inline_contact_form","title":"","subtitle":"DON'T BE A STRANGER. SAY HELLO. ","content":"ALLpaQ\u2019s team of product developers are ready, but only when you are. We are here to field any questions you have about your bioprocess, fluid management, packaging and pharma accessory needs.","contact_info":true,"social_links":true},{"acf_fc_layout":"inline_map","title":"","subtitle":"HEAD OFFICE","content":"Unit 4 <br \/>\r\nAlbright Road<br \/>\r\nWidnes <br \/>\r\nCheshire <br \/>\r\nWA8 8FY","contact_info":true},{"acf_fc_layout":"inline_map","title":"","subtitle":"PRODUCT DEVELOPMENT CENTRE  ","content":"Unit 5 <br \/>\r\nMontague Road <br \/>\r\nWidnes <br \/>\r\nUnited <br \/>\r\nKingdom WA8 8FZ<br \/>\r\n","contact_info":true},{"acf_fc_layout":"newsletter_signup","image":"https:\/\/allpaq.world\/wp-content\/uploads\/2022\/06\/Group-1437@2x.png"}]},"yoast_head":"<!-- This site is optimized with the Yoast SEO plugin v23.0 - https:\/\/yoast.com\/wordpress\/plugins\/seo\/ -->\n<title>Contact ALLpaQ Packaging Group: Bioprocess Container Specialists<\/title>\n<meta name=\"description\" content=\"Looking for a single-use bag bioprocess containers? ALLpaQ has the world&#039;s largest range of shipping and cleanroom solutions. Contact us.\" \/>\n<meta name=\"robots\" content=\"index, follow, max-snippet:-1, max-image-preview:large, max-video-preview:-1\" \/>\n<link rel=\"canonical\" href=\"https:\/\/allpaq.world\/pl\/contact\/\" \/>\n<meta property=\"og:locale\" content=\"pl_PL\" \/>\n<meta property=\"og:type\" content=\"article\" \/>\n<meta property=\"og:title\" content=\"Contact ALLpaQ Packaging Group: Bioprocess Container Specialists\" \/>\n<meta property=\"og:description\" content=\"Looking for a single-use bag bioprocess containers? ALLpaQ has the world&#039;s largest range of shipping and cleanroom solutions. Contact us.\" \/>\n<meta property=\"og:url\" content=\"https:\/\/allpaq.world\/pl\/contact\/\" \/>\n<meta property=\"og:site_name\" content=\"ALLpaQ\" \/>\n<meta property=\"article:modified_time\" content=\"2024-10-30T13:54:48+00:00\" \/>\n<meta name=\"twitter:card\" content=\"summary_large_image\" \/>\n<meta name=\"twitter:label1\" content=\"Szacowany czas czytania\" \/>\n\t<meta name=\"twitter:data1\" content=\"1 minute\" \/>\n<script type=\"application\/ld+json\" class=\"yoast-schema-graph\">{\"@context\":\"https:\/\/schema.org\",\"@graph\":[{\"@type\":\"WebPage\",\"@id\":\"https:\/\/allpaq.world\/contact\/\",\"url\":\"https:\/\/allpaq.world\/contact\/\",\"name\":\"Contact ALLpaQ Packaging Group: Bioprocess Container Specialists\",\"isPartOf\":{\"@id\":\"https:\/\/allpaq.world\/#website\"},\"datePublished\":\"2022-06-22T09:25:15+00:00\",\"dateModified\":\"2024-10-30T13:54:48+00:00\",\"description\":\"Looking for a single-use bag bioprocess containers? ALLpaQ has the world's largest range of shipping and cleanroom solutions. Contact us.\",\"breadcrumb\":{\"@id\":\"https:\/\/allpaq.world\/contact\/#breadcrumb\"},\"inLanguage\":\"pl-PL\",\"potentialAction\":[{\"@type\":\"ReadAction\",\"target\":[\"https:\/\/allpaq.world\/contact\/\"]}]},{\"@type\":\"BreadcrumbList\",\"@id\":\"https:\/\/allpaq.world\/contact\/#breadcrumb\",\"itemListElement\":[{\"@type\":\"ListItem\",\"position\":1,\"name\":\"Home\",\"item\":\"https:\/\/allpaq.world\/\"},{\"@type\":\"ListItem\",\"position\":2,\"name\":\"CONTACT ALLPAQ PACKAGING GROUP\"}]},{\"@type\":\"WebSite\",\"@id\":\"https:\/\/allpaq.world\/#website\",\"url\":\"https:\/\/allpaq.world\/\",\"name\":\"ALLpaQ\",\"description\":\"Bioprocess Containers &amp; Fluid Management Solutions | ALLpaQ\",\"potentialAction\":[{\"@type\":\"SearchAction\",\"target\":{\"@type\":\"EntryPoint\",\"urlTemplate\":\"https:\/\/allpaq.world\/?s={search_term_string}\"},\"query-input\":\"required name=search_term_string\"}],\"inLanguage\":\"pl-PL\"}]}<\/script>\n<!-- \/ Yoast SEO plugin. -->","yoast_head_json":{"title":"Contact ALLpaQ Packaging Group: Bioprocess Container Specialists","description":"Looking for a single-use bag bioprocess containers? ALLpaQ has the world's largest range of shipping and cleanroom solutions. Contact us.","robots":{"index":"index","follow":"follow","max-snippet":"max-snippet:-1","max-image-preview":"max-image-preview:large","max-video-preview":"max-video-preview:-1"},"canonical":"https:\/\/allpaq.world\/pl\/contact\/","og_locale":"pl_PL","og_type":"article","og_title":"Contact ALLpaQ Packaging Group: Bioprocess Container Specialists","og_description":"Looking for a single-use bag bioprocess containers? ALLpaQ has the world's largest range of shipping and cleanroom solutions. Contact us.","og_url":"https:\/\/allpaq.world\/pl\/contact\/","og_site_name":"ALLpaQ","article_modified_time":"2024-10-30T13:54:48+00:00","twitter_card":"summary_large_image","twitter_misc":{"Szacowany czas czytania":"1 minute"},"schema":{"@context":"https:\/\/schema.org","@graph":[{"@type":"WebPage","@id":"https:\/\/allpaq.world\/contact\/","url":"https:\/\/allpaq.world\/contact\/","name":"Contact ALLpaQ Packaging Group: Bioprocess Container Specialists","isPartOf":{"@id":"https:\/\/allpaq.world\/#website"},"datePublished":"2022-06-22T09:25:15+00:00","dateModified":"2024-10-30T13:54:48+00:00","description":"Looking for a single-use bag bioprocess containers? ALLpaQ has the world's largest range of shipping and cleanroom solutions. Contact us.","breadcrumb":{"@id":"https:\/\/allpaq.world\/contact\/#breadcrumb"},"inLanguage":"pl-PL","potentialAction":[{"@type":"ReadAction","target":["https:\/\/allpaq.world\/contact\/"]}]},{"@type":"BreadcrumbList","@id":"https:\/\/allpaq.world\/contact\/#breadcrumb","itemListElement":[{"@type":"ListItem","position":1,"name":"Home","item":"https:\/\/allpaq.world\/"},{"@type":"ListItem","position":2,"name":"CONTACT ALLPAQ PACKAGING GROUP"}]},{"@type":"WebSite","@id":"https:\/\/allpaq.world\/#website","url":"https:\/\/allpaq.world\/","name":"ALLpaQ","description":"Bioprocess Containers &amp; Fluid Management Solutions | ALLpaQ","potentialAction":[{"@type":"SearchAction","target":{"@type":"EntryPoint","urlTemplate":"https:\/\/allpaq.world\/?s={search_term_string}"},"query-input":"required name=search_term_string"}],"inLanguage":"pl-PL"}]}},"_links":{"self":[{"href":"https:\/\/allpaq.world\/pl\/wp-json\/wp\/v2\/pages\/154","targetHints":{"allow":["GET"]}}],"collection":[{"href":"https:\/\/allpaq.world\/pl\/wp-json\/wp\/v2\/pages"}],"about":[{"href":"https:\/\/allpaq.world\/pl\/wp-json\/wp\/v2\/types\/page"}],"author":[{"embeddable":true,"href":"https:\/\/allpaq.world\/pl\/wp-json\/wp\/v2\/users\/2"}],"replies":[{"embeddable":true,"href":"https:\/\/allpaq.world\/pl\/wp-json\/wp\/v2\/comments?post=154"}],"version-history":[{"count":10,"href":"https:\/\/allpaq.world\/pl\/wp-json\/wp\/v2\/pages\/154\/revisions"}],"predecessor-version":[{"id":323,"href":"https:\/\/allpaq.world\/pl\/wp-json\/wp\/v2\/pages\/154\/revisions\/323"}],"wp:attachment":[{"href":"https:\/\/allpaq.world\/pl\/wp-json\/wp\/v2\/media?parent=154"}],"curies":[{"name":"wp","href":"https:\/\/api.w.org\/{rel}","templated":true}]}}