{"id":2,"date":"2022-05-25T13:19:31","date_gmt":"2022-05-25T13:19:31","guid":{"rendered":"http:\/\/ec2-34-243-158-172.eu-west-1.compute.amazonaws.com\/?page_id=2"},"modified":"2024-10-30T13:58:37","modified_gmt":"2024-10-30T13:58:37","slug":"sample-page","status":"publish","type":"page","link":"https:\/\/allpaq.world\/pl\/","title":{"rendered":"POJEMNIKI BIOPROCESOWE I ROZWI\u0104ZANIA DO ZARZ\u0104DZANIA P\u0141YNAMI..."},"content":{"rendered":"<p>Witaj w ALLpaQ. Jeste\u015bmy liderem na rynku w projektowaniu innowacyjnych pojemnik\u00f3w bioprocesowych i rozwi\u0105za\u0144 w zakresie zarz\u0105dzania p\u0142ynami. Nasz zesp\u00f3\u0142 pomaga firmom biotechnologicznym i farmaceutycznym w produkcji, przechowywaniu, transporcie i ochronie cennych medi\u00f3w, bufor\u00f3w i p\u0142yn\u00f3w bioprocesowych. Zarz\u0105dzanie p\u0142ynami sprowadzamy do jednorazowego woreczka:<\/p>","protected":false},"excerpt":{"rendered":"<p>Witaj w ALLpaQ. Jeste\u015bmy liderem na rynku w projektowaniu innowacyjnych pojemnik\u00f3w bioprocesowych i rozwi\u0105za\u0144 w zakresie zarz\u0105dzania p\u0142ynami. Nasz zesp\u00f3\u0142 pomaga firmom biotechnologicznym i farmaceutycznym w produkcji, przechowywaniu, transporcie i ochronie cennych medi\u00f3w, bufor\u00f3w i p\u0142yn\u00f3w bioprocesowych. Zarz\u0105dzanie p\u0142ynami sprowadzamy do jednorazowego woreczka:<\/p>","protected":false},"author":2,"featured_media":0,"parent":0,"menu_order":0,"comment_status":"closed","ping_status":"open","template":"templates\/allpaq.php","meta":{"content-type":"","footnotes":""},"class_list":["post-2","page","type-page","status-publish","hentry"],"acf":{"hero_select":"Slider","hero_background_image":{"ID":14,"id":14,"title":"Hero background","filename":"Hero-background.png","filesize":190888,"url":"https:\/\/allpaq.world\/wp-content\/uploads\/2022\/06\/Hero-background.png","link":"https:\/\/allpaq.world\/pl\/sample-page\/hero-background\/","alt":"","author":"2","description":"","caption":"","name":"hero-background","status":"inherit","uploaded_to":2,"date":"2022-06-21 11:02:50","modified":"2022-07-26 10:49:32","menu_order":0,"mime_type":"image\/png","type":"image","subtype":"png","icon":"https:\/\/allpaq.world\/wp-includes\/images\/media\/default.png","width":780,"height":405,"sizes":{"thumbnail":"https:\/\/allpaq.world\/wp-content\/uploads\/2022\/06\/Hero-background-150x150.png","thumbnail-width":150,"thumbnail-height":150,"medium":"https:\/\/allpaq.world\/wp-content\/uploads\/2022\/06\/Hero-background-300x156.png","medium-width":300,"medium-height":156,"medium_large":"https:\/\/allpaq.world\/wp-content\/uploads\/2022\/06\/Hero-background-768x399.png","medium_large-width":768,"medium_large-height":399,"large":"https:\/\/allpaq.world\/wp-content\/uploads\/2022\/06\/Hero-background.png","large-width":780,"large-height":405,"1536x1536":"https:\/\/allpaq.world\/wp-content\/uploads\/2022\/06\/Hero-background.png","1536x1536-width":780,"1536x1536-height":405,"2048x2048":"https:\/\/allpaq.world\/wp-content\/uploads\/2022\/06\/Hero-background.png","2048x2048-width":780,"2048x2048-height":405,"trp-custom-language-flag":"https:\/\/allpaq.world\/wp-content\/uploads\/2022\/06\/Hero-background-18x9.png","trp-custom-language-flag-width":18,"trp-custom-language-flag-height":9}},"hero_background_colour":"#0a0a0a","use_dark_navigation":true,"hero_subtitle":"SECONDARY PACKAGING, PRIMARY CARE","hero_subtitle_colour":"#1a7d34","hero_title_colour":"#ffffff","hero_image":false,"hero_body_colour":"#ffffff","hero_link_style":"text","hero_links":[{"link":"","description":"Contact"}],"hero_link_colour":"","page_content":[{"acf_fc_layout":"flexible_grid","use_fullwidth":false,"use_featured_box":true,"load_more":false,"initial_rows":"","title":"","grid_background_colour":"#ffffff","boxes":[{"title":"Browse full container range","subtitle":"","text_on_front":true,"front_image":"https:\/\/allpaq.world\/wp-content\/uploads\/2022\/07\/ALLworld.jpg","back_image":false,"use_bubble_image":false,"card_front_colour":"#373a3c","card_back_colour":"#373a3c","text_color":"#ffffff","link":"\/bioprocess-containers\/"},{"title":"Shipping Containers","subtitle":"Genesis","text_on_front":true,"front_image":"https:\/\/allpaq.world\/wp-content\/uploads\/2022\/06\/ShippingContainers.png","back_image":false,"use_bubble_image":false,"card_front_colour":"#373a3c","card_back_colour":"#373a3c","text_color":"#ffffff","link":"https:\/\/allpaq.world\/bioprocess-shipping-containers\/"},{"title":"Storage Containers","subtitle":"Cleanroom","text_on_front":true,"front_image":false,"back_image":false,"use_bubble_image":false,"card_front_colour":"#e3bc29","card_back_colour":"#e3bc29","text_color":"#ffffff","link":" https:\/\/allpaq.com\/containers\/1000-litre-cleanroom\/ "},{"title":"Custom Containers","subtitle":"Tote(al) flexibility","text_on_front":true,"front_image":false,"back_image":false,"use_bubble_image":false,"card_front_colour":"#1a7d34","card_back_colour":"#1a7d34","text_color":"#ffffff","link":"https:\/\/allpaq.com\/services\/custom-biocontainers\/"},{"title":"Containers & solutions","subtitle":"Rigid Plastic","text_on_front":true,"front_image":"https:\/\/allpaq.world\/wp-content\/uploads\/2022\/06\/rigidPlastic.png","back_image":false,"use_bubble_image":false,"card_front_colour":"#373a3c","card_back_colour":"#373a3c","text_color":"#ffffff","link":"https:\/\/allpaq.com\/containers\/rigid-liquid-bioprocess-tote-containers\/ "}]},{"acf_fc_layout":"column_scroller","scroller_title":"YOUR VALUE IS IN OUR (BIO)PROCESS","scroller_subtitle":"ALLPAQ","scroller_content":"It\u2019s your bioprocess, we\u2019ll help you make it flow. From concept to delivery, ALLpaQ\u2019s fabrication team will design then build your intermediate bulk containers (IBCs). We do so all under the same roof. And we do so all under ISO 9001 certification. A typical workflow we deliver for our clients includes:","scroller_link":"https:\/\/allpaq.com\/about\/our-process\/","scroller_link_description":"About us","columns":[{"title":"primary packaging","subtitle":"phase 1","image":"https:\/\/allpaq.world\/wp-content\/uploads\/2022\/06\/DSC_0458.jpg","content":"You need secondary liquid packaging to contain your fluid media. Your bag has already been validated. ","link":"\/about\/"},{"title":"Secondary packaging","subtitle":"phase 2","image":"https:\/\/allpaq.world\/wp-content\/uploads\/2022\/06\/ALLpaQ-SingleUseBagInBox-DevelopmentPhases-scaled-1.jpg","content":"Are your requirements supported by our existing range of containment solutions? <br \/>\r\n<br \/>\r\nShould your bag have particular dimension requirements, we\u2019ll create a custom solution.","link":"\/about\/"},{"title":"Design","subtitle":"phase 3","image":"https:\/\/allpaq.world\/wp-content\/uploads\/2022\/06\/ALLpaQ-ProductDrawings-Phases-scaled-1.jpg","content":"ALLpaQ will design a plan to achieve your business goals in a cost-effective manner. ","link":"\/about\/"},{"title":"Development","subtitle":"phase 4","image":"https:\/\/allpaq.world\/wp-content\/uploads\/2022\/06\/ALLpaQ-Prototyping-Phases-scaled-1.jpg","content":"Product development and a trial phase. ","link":"\/about\/"},{"title":"Implementation","subtitle":"phase 5","image":"https:\/\/allpaq.world\/wp-content\/uploads\/2022\/06\/ALLpaQ-ProductionLine-Phases-scaled-1.jpg","content":"Full implementation of the plan. ","link":"\/about\/"},{"title":"Maintenance","subtitle":"phase 6","image":"https:\/\/allpaq.world\/wp-content\/uploads\/2022\/06\/ALLpaQ-CADProduct-Phases-scaled-1.jpg","content":"Ongoing customer care, services, consultancy and maintenance.","link":"\/about\/"}]},{"acf_fc_layout":"banner","use_equal_gaps":true,"background_image":"https:\/\/allpaq.world\/wp-content\/uploads\/2022\/06\/ALLpaQ-Cleanroom-Background-image-hero.png","title":"PHARMA ACCESSORIES FOR FLUID MANAGEMENT<br \/>\r\n","title_colour":"#0a0a0a","subtitle":"","subtitle_colour":"","content":"Lower the profile of introducing media & buffer into the process with ALLpaQ pharma accessories.<br \/>\r\n<br \/>\r\n","content_colour":"#0a0a0a","left_link":"\/Contact\/","left_link_description":"Contact","right_link":"https:\/\/allpaq.com\/accessories","right_link_description":"Learn More","link_colour":"#0a0a0a"},{"acf_fc_layout":"dual_blurbs","use_equal_gaps":true,"blurbs":[{"left_title":"LABORATORY AND CLEANROOM EQUIPMENT <br \/>\r\n","left_title_colour":"#0a0a0a","left_subtitle":"ACCESSORIES","left_subtitle_colour":"#1a7d34","left_content":"Unique solutions to your unique process problems. <br \/>\r\n","left_content_colour":"#0a0a0a","left_background_image":false,"left_link_one":"\/Contact\/","left_link_one_description":"Contact","left_link_two":"https:\/\/allpaq.com\/accessories\/laboratory-and-cleanroom\/","left_link_two_description":"Learn More","left_links_colour":"#0a0a0a","left_image":"https:\/\/allpaq.world\/wp-content\/uploads\/2022\/06\/Laboratory-and-cleanroom-accessories-1.png","left_bottom_spacer":"50","right_title":"Pharmaceutical Tugs","right_title_colour":"#0a0a0a","right_subtitle":"ACCESSORIES","right_subtitle_colour":"#1a7d34","right_content":"Safely move bulk containers, heavy vessels & equipment.","right_content_colour":"#0a0a0a","right_background_image":"https:\/\/allpaq.world\/wp-content\/uploads\/2022\/06\/blurb-background.jpg","right_link_one":"\/Contact\/","right_link_one_description":"Contact","right_link_two":"https:\/\/allpaq.com\/accessories\/pharma-tugs\/","right_link_two_description":"Learn More","right_links_colour":"","right_image":false,"right_bottom_spacer":"50"}]},{"acf_fc_layout":"text_with_left_image","title":"ABOUT ALLPAQ","subtitle":"OUTER (THIS WORLD) PACKAGING","content":"The ALLpaQ liquid tote range has ushered in a new age of fluid management for up and downstream bioprocessing. Stackable and collapsible, the innovative design saves valuable space in storage and shipment.<br \/>\r\n<br \/>\r\nFrom discovery, development, clinical testing to manufacturing, your research and cell culture development process is unique. That\u2019s why we deliver the customisation you need to optimise your in-process supply chain from clinical development stages through to commercial scale. It\u2019s our mission to increase your in-process productivity. It\u2019s our mission to change your life sciences.","image":"https:\/\/allpaq.world\/wp-content\/uploads\/2022\/06\/9001_Certification-Badges_RGB-ASSETS_0421_1.jpg.jpg","use_image_drop_border":true,"link_one":"\/about\/","link_one_description":"Learn More","link_two":"\/Contact\/","link_two_description":"Contact"},{"acf_fc_layout":"banner","use_equal_gaps":false,"background_image":"https:\/\/allpaq.world\/wp-content\/uploads\/2022\/07\/PharmaIndustryBannerTestTube.png","title":"INDUSTRY NEWS ","title_colour":"","subtitle":"","subtitle_colour":"","content":"The ALLpaQ Central news team brings you all the latest insights from industry\u2026","content_colour":"","left_link":"https:\/\/allpaq.com\/the-bioprocess-times\/","left_link_description":"LEARN MORE","right_link":"","right_link_description":"","link_colour":""},{"acf_fc_layout":"newsletter_signup","image":"https:\/\/allpaq.world\/wp-content\/uploads\/2022\/06\/Group-1437@2x.png"},{"acf_fc_layout":"inline_contact_form","title":"READY TO CHANGE YOUR LIFE (SCIENCES)?","subtitle":"THEN LET'S TALK ...","content":"","contact_info":true,"social_links":true}],"slides":[{"subtitle":"CHANGE YOUR LIFE (SCIENCES)<br \/>\r\n","subtitle_colour":"#ffffff","title":"Bioprocess containers","title_colour":"#ffffff","description":"ALLpaQ empowers scientists around the world by optimising the handling and processing of bulk liquids\u2026<br \/>\r\n<br \/>\r\n\u2026now it\u2019s your turn.","content_colour":"#ffffff","image":"https:\/\/allpaq.world\/wp-content\/uploads\/2022\/07\/Genesis-1000-Litre-Shipping-BioProcess-Container-floating-circle.png","link":"https:\/\/allpaq.com\/containers\/1000-litre-genesis\/"},{"subtitle":"","subtitle_colour":"#ffffff","title":"Tote Range","title_colour":"#ffffff","description":"Expansive standard range of shipping, storage and cleanroom liquid containers.","content_colour":"#ffffff","image":"https:\/\/allpaq.world\/wp-content\/uploads\/2022\/07\/LRGALLpaQSet1-Cleanroom-500-600F-Floating-1024x1024-circle.png","link":"\/bioprocess-containers\/"},{"subtitle":"","subtitle_colour":"","title":"Customisation ","title_colour":"#ffffff","description":"Customisations from shape, size to matching bag port positions for filling, draining and processing. ","content_colour":"#ffffff","image":false,"link":"https:\/\/allpaq.com\/services\/custom-biocontainers\/"},{"subtitle":"","subtitle_colour":"","title":"Hygienic","title_colour":"#ffffff","description":"Smooth sidewalls deliver hygiene at an operational and process level. ","content_colour":"#ffffff","image":false,"link":"\/bioprocess-containers\/"},{"subtitle":"","subtitle_colour":"","title":"Double pallet base","title_colour":"#ffffff","description":"Unique two pallet base, one for forklift, other for bag tubing.","content_colour":"#ffffff","image":"https:\/\/allpaq.world\/wp-content\/uploads\/2022\/07\/Genesis-1000-Litre-Shipping-BioProcess-Container-floating-circle.png","link":"\/bioprocess-containers\/"},{"subtitle":"","subtitle_colour":"","title":"Fabrication","title_colour":"#ffffff","description":"A complete in-house customer experience from design, production, delivery to implementation. ","content_colour":"#ffffff","image":"https:\/\/allpaq.world\/wp-content\/uploads\/2022\/07\/Genesis-1000-Litre-Shipping-BioProcess-Container-floating-circle.png","link":"https:\/\/allpaq.com\/about\/full-in-house-service\/"}],"bullets":[{"text":"Expansive standard range of shipping, storage and cleanroom liquid containers."},{"text":"Compatible with all 2D and 3D bioprocessing bag types. "},{"text":"Customisations from shape, size to matching bag port positions for filling, draining and processing. "},{"text":"Smooth sidewalls deliver hygiene at an operational and process level. "},{"text":"Unique two pallet base, one for forklift, other for bag tubing."},{"text":"A complete in-house customer experience from design, production, delivery to implementation. "}]},"yoast_head":"<!-- This site is optimized with the Yoast SEO plugin v23.0 - https:\/\/yoast.com\/wordpress\/plugins\/seo\/ -->\n<title>Bioprocess Containers &amp; Fluid Management Solutions | ALLpaQ<\/title>\n<meta name=\"description\" content=\"Looking for secondary packaging? Get primary care with ALLpaQ bioprocess containers for all your application &amp; fluid management needs.\" \/>\n<meta name=\"robots\" content=\"index, follow, max-snippet:-1, max-image-preview:large, max-video-preview:-1\" \/>\n<link rel=\"canonical\" href=\"https:\/\/allpaq.world\/pl\/\" \/>\n<meta property=\"og:locale\" content=\"pl_PL\" \/>\n<meta property=\"og:type\" content=\"article\" \/>\n<meta property=\"og:title\" content=\"Bioprocess Containers &amp; Fluid Management Solutions | ALLpaQ\" \/>\n<meta property=\"og:description\" content=\"Looking for secondary packaging? Get primary care with ALLpaQ bioprocess containers for all your application &amp; fluid management needs.\" \/>\n<meta property=\"og:url\" content=\"https:\/\/allpaq.world\/pl\/\" \/>\n<meta property=\"og:site_name\" content=\"ALLpaQ\" \/>\n<meta property=\"article:modified_time\" content=\"2024-10-30T13:58:37+00:00\" \/>\n<meta name=\"twitter:card\" content=\"summary_large_image\" \/>\n<meta name=\"twitter:label1\" content=\"Szacowany czas czytania\" \/>\n\t<meta name=\"twitter:data1\" content=\"1 minute\" \/>\n<script type=\"application\/ld+json\" class=\"yoast-schema-graph\">{\"@context\":\"https:\/\/schema.org\",\"@graph\":[{\"@type\":\"WebPage\",\"@id\":\"https:\/\/allpaq.world\/\",\"url\":\"https:\/\/allpaq.world\/\",\"name\":\"Bioprocess Containers & Fluid Management Solutions | ALLpaQ\",\"isPartOf\":{\"@id\":\"https:\/\/allpaq.world\/#website\"},\"datePublished\":\"2022-05-25T13:19:31+00:00\",\"dateModified\":\"2024-10-30T13:58:37+00:00\",\"description\":\"Looking for secondary packaging? Get primary care with ALLpaQ bioprocess containers for all your application & fluid management needs.\",\"breadcrumb\":{\"@id\":\"https:\/\/allpaq.world\/#breadcrumb\"},\"inLanguage\":\"pl-PL\",\"potentialAction\":[{\"@type\":\"ReadAction\",\"target\":[\"https:\/\/allpaq.world\/\"]}]},{\"@type\":\"BreadcrumbList\",\"@id\":\"https:\/\/allpaq.world\/#breadcrumb\",\"itemListElement\":[{\"@type\":\"ListItem\",\"position\":1,\"name\":\"Home\",\"item\":\"https:\/\/allpaq.world\/\"},{\"@type\":\"ListItem\",\"position\":2,\"name\":\"BIOPROCESS CONTAINERS AND FLUID MANAGEMENT SOLUTIONS \u2026\"}]},{\"@type\":\"WebSite\",\"@id\":\"https:\/\/allpaq.world\/#website\",\"url\":\"https:\/\/allpaq.world\/\",\"name\":\"ALLpaQ\",\"description\":\"Bioprocess Containers &amp; Fluid Management Solutions | ALLpaQ\",\"potentialAction\":[{\"@type\":\"SearchAction\",\"target\":{\"@type\":\"EntryPoint\",\"urlTemplate\":\"https:\/\/allpaq.world\/?s={search_term_string}\"},\"query-input\":\"required name=search_term_string\"}],\"inLanguage\":\"pl-PL\"}]}<\/script>\n<!-- \/ Yoast SEO plugin. -->","yoast_head_json":{"title":"Bioprocess Containers & Fluid Management Solutions | ALLpaQ","description":"Looking for secondary packaging? Get primary care with ALLpaQ bioprocess containers for all your application & fluid management needs.","robots":{"index":"index","follow":"follow","max-snippet":"max-snippet:-1","max-image-preview":"max-image-preview:large","max-video-preview":"max-video-preview:-1"},"canonical":"https:\/\/allpaq.world\/pl\/","og_locale":"pl_PL","og_type":"article","og_title":"Bioprocess Containers & Fluid Management Solutions | ALLpaQ","og_description":"Looking for secondary packaging? Get primary care with ALLpaQ bioprocess containers for all your application & fluid management needs.","og_url":"https:\/\/allpaq.world\/pl\/","og_site_name":"ALLpaQ","article_modified_time":"2024-10-30T13:58:37+00:00","twitter_card":"summary_large_image","twitter_misc":{"Szacowany czas czytania":"1 minute"},"schema":{"@context":"https:\/\/schema.org","@graph":[{"@type":"WebPage","@id":"https:\/\/allpaq.world\/","url":"https:\/\/allpaq.world\/","name":"Bioprocess Containers & Fluid Management Solutions | ALLpaQ","isPartOf":{"@id":"https:\/\/allpaq.world\/#website"},"datePublished":"2022-05-25T13:19:31+00:00","dateModified":"2024-10-30T13:58:37+00:00","description":"Looking for secondary packaging? Get primary care with ALLpaQ bioprocess containers for all your application & fluid management needs.","breadcrumb":{"@id":"https:\/\/allpaq.world\/#breadcrumb"},"inLanguage":"pl-PL","potentialAction":[{"@type":"ReadAction","target":["https:\/\/allpaq.world\/"]}]},{"@type":"BreadcrumbList","@id":"https:\/\/allpaq.world\/#breadcrumb","itemListElement":[{"@type":"ListItem","position":1,"name":"Home","item":"https:\/\/allpaq.world\/"},{"@type":"ListItem","position":2,"name":"BIOPROCESS CONTAINERS AND FLUID MANAGEMENT SOLUTIONS \u2026"}]},{"@type":"WebSite","@id":"https:\/\/allpaq.world\/#website","url":"https:\/\/allpaq.world\/","name":"ALLpaQ","description":"Bioprocess Containers &amp; Fluid Management Solutions | ALLpaQ","potentialAction":[{"@type":"SearchAction","target":{"@type":"EntryPoint","urlTemplate":"https:\/\/allpaq.world\/?s={search_term_string}"},"query-input":"required name=search_term_string"}],"inLanguage":"pl-PL"}]}},"_links":{"self":[{"href":"https:\/\/allpaq.world\/pl\/wp-json\/wp\/v2\/pages\/2","targetHints":{"allow":["GET"]}}],"collection":[{"href":"https:\/\/allpaq.world\/pl\/wp-json\/wp\/v2\/pages"}],"about":[{"href":"https:\/\/allpaq.world\/pl\/wp-json\/wp\/v2\/types\/page"}],"author":[{"embeddable":true,"href":"https:\/\/allpaq.world\/pl\/wp-json\/wp\/v2\/users\/2"}],"replies":[{"embeddable":true,"href":"https:\/\/allpaq.world\/pl\/wp-json\/wp\/v2\/comments?post=2"}],"version-history":[{"count":9,"href":"https:\/\/allpaq.world\/pl\/wp-json\/wp\/v2\/pages\/2\/revisions"}],"predecessor-version":[{"id":325,"href":"https:\/\/allpaq.world\/pl\/wp-json\/wp\/v2\/pages\/2\/revisions\/325"}],"wp:attachment":[{"href":"https:\/\/allpaq.world\/pl\/wp-json\/wp\/v2\/media?parent=2"}],"curies":[{"name":"wp","href":"https:\/\/api.w.org\/{rel}","templated":true}]}}